{"id":16451,"date":"2021-02-16T00:54:46","date_gmt":"2021-02-15T21:54:46","guid":{"rendered":"https:\/\/www.toplumcudusunceenstitusu.org\/index.php\/advisory-board\/"},"modified":"2021-02-22T23:29:00","modified_gmt":"2021-02-22T20:29:00","slug":"advisory-board","status":"publish","type":"page","link":"https:\/\/www.toplumcudusunceenstitusu.org\/en\/advisory-board\/","title":{"rendered":"Advisory Board"},"content":{"rendered":"<div id=\"cmsmasters_row_43nerd2ss\" class=\"cmsmasters_row cmsmasters_color_scheme_default cmsmasters_row_top_default cmsmasters_row_bot_default cmsmasters_row_boxed\">\n<div class=\"cmsmasters_row_outer_parent\">\n<div class=\"cmsmasters_row_outer\">\n<div class=\"cmsmasters_row_inner\">\n<div class=\"cmsmasters_row_margin\">\n<div id=\"cmsmasters_column_draqbxn4c\" class=\"cmsmasters_column one_first\">\n<div class=\"cmsmasters_column_inner\"><div id=\"cmsmasters_profile_69eb8fb6b3834\" class=\"cmsmasters_profile horizontal\">\n<!-- Start Profile Horizontal Article -->\r\n<article id=\"post-16455\" class=\"cmsmasters_profile_horizontal one_fourth post-16455 profile type-profile status-publish has-post-thumbnail hentry pl-categs-advisory-board\">\r\n\t<div class=\"profile_outer\">\r\n\t<div class=\"profile_inner_top_wrap\"><figure class=\"cmsmasters_img_wrap\"><a href=\"https:\/\/www.toplumcudusunceenstitusu.org\/en\/yazar\/ceyhun-yaglicioglu\/\" title=\"Ceyhun YA\u011eLICIO\u011eLU\" class=\"cmsmasters_img_link\"><img loading=\"lazy\" decoding=\"async\" width=\"108\" height=\"146\" src=\"https:\/\/www.toplumcudusunceenstitusu.org\/wp-content\/uploads\/2021\/02\/place-holder.jpeg\" class=\" wp-post-image\" alt=\"Ceyhun YA\u011eLICIO\u011eLU\" title=\"place-holder\" \/><\/a><\/figure><\/div><div class=\"profile_inner\"><header class=\"cmsmasters_profile_header entry-header\"><h3 class=\"cmsmasters_profile_title entry-title\"><a href=\"https:\/\/www.toplumcudusunceenstitusu.org\/en\/yazar\/ceyhun-yaglicioglu\/\">Ceyhun YA\u011eLICIO\u011eLU<\/a><\/h3><\/header><\/div>\t<\/div>\r\n<\/article>\r\n<!-- Finish Profile Horizontal Article -->\r\n\r\n<!-- Start Profile Horizontal Article -->\r\n<article id=\"post-16463\" class=\"cmsmasters_profile_horizontal one_fourth post-16463 profile type-profile status-publish has-post-thumbnail hentry pl-categs-advisory-board\">\r\n\t<div class=\"profile_outer\">\r\n\t<div class=\"profile_inner_top_wrap\"><figure class=\"cmsmasters_img_wrap\"><a href=\"https:\/\/www.toplumcudusunceenstitusu.org\/en\/yazar\/doc-dr-gun-kut\/\" title=\"Do\u00e7. Dr. G\u00fcn KUT\" class=\"cmsmasters_img_link\"><img loading=\"lazy\" decoding=\"async\" width=\"108\" height=\"146\" src=\"https:\/\/www.toplumcudusunceenstitusu.org\/wp-content\/uploads\/2021\/02\/place-holder.jpeg\" class=\" wp-post-image\" alt=\"Do\u00e7. Dr. G\u00fcn KUT\" title=\"place-holder\" \/><\/a><\/figure><\/div><div class=\"profile_inner\"><header class=\"cmsmasters_profile_header entry-header\"><h3 class=\"cmsmasters_profile_title entry-title\"><a href=\"https:\/\/www.toplumcudusunceenstitusu.org\/en\/yazar\/doc-dr-gun-kut\/\">Do\u00e7. Dr. G\u00fcn KUT<\/a><\/h3><\/header><\/div>\t<\/div>\r\n<\/article>\r\n<!-- Finish Profile Horizontal Article -->\r\n\r\n<!-- Start Profile Horizontal Article -->\r\n<article id=\"post-16478\" class=\"cmsmasters_profile_horizontal one_fourth post-16478 profile type-profile status-publish has-post-thumbnail hentry pl-categs-advisory-board\">\r\n\t<div class=\"profile_outer\">\r\n\t<div class=\"profile_inner_top_wrap\"><figure class=\"cmsmasters_img_wrap\"><a href=\"https:\/\/www.toplumcudusunceenstitusu.org\/en\/yazar\/faik-oztrak\/\" title=\"Faik \u00d6ZTRAK\" class=\"cmsmasters_img_link\"><img loading=\"lazy\" decoding=\"async\" width=\"108\" height=\"146\" src=\"https:\/\/www.toplumcudusunceenstitusu.org\/wp-content\/uploads\/2021\/02\/faik-oztrak-chp-jpg-262.jpeg\" class=\" wp-post-image\" alt=\"Faik \u00d6ZTRAK\" title=\"faik-oztrak-chp-jpg-262\" \/><\/a><\/figure><\/div><div class=\"profile_inner\"><header class=\"cmsmasters_profile_header entry-header\"><h3 class=\"cmsmasters_profile_title entry-title\"><a href=\"https:\/\/www.toplumcudusunceenstitusu.org\/en\/yazar\/faik-oztrak\/\">Faik \u00d6ZTRAK<\/a><\/h3><\/header><\/div>\t<\/div>\r\n<\/article>\r\n<!-- Finish Profile Horizontal Article -->\r\n\r\n<!-- Start Profile Horizontal Article -->\r\n<article id=\"post-16458\" class=\"cmsmasters_profile_horizontal one_fourth post-16458 profile type-profile status-publish has-post-thumbnail hentry pl-categs-advisory-board\">\r\n\t<div class=\"profile_outer\">\r\n\t<div class=\"profile_inner_top_wrap\"><figure class=\"cmsmasters_img_wrap\"><a href=\"https:\/\/www.toplumcudusunceenstitusu.org\/en\/yazar\/gaye-usluer\/\" title=\"Gaye USLUER\" class=\"cmsmasters_img_link\"><img loading=\"lazy\" decoding=\"async\" width=\"108\" height=\"146\" src=\"https:\/\/www.toplumcudusunceenstitusu.org\/wp-content\/uploads\/2021\/02\/place-holder.jpeg\" class=\" wp-post-image\" alt=\"Gaye USLUER\" title=\"place-holder\" \/><\/a><\/figure><\/div><div class=\"profile_inner\"><header class=\"cmsmasters_profile_header entry-header\"><h3 class=\"cmsmasters_profile_title entry-title\"><a href=\"https:\/\/www.toplumcudusunceenstitusu.org\/en\/yazar\/gaye-usluer\/\">Gaye USLUER<\/a><\/h3><\/header><\/div>\t<\/div>\r\n<\/article>\r\n<!-- Finish Profile Horizontal Article -->\r\n\r\n<!-- Start Profile Horizontal Article -->\r\n<article id=\"post-16454\" class=\"cmsmasters_profile_horizontal one_fourth post-16454 profile type-profile status-publish has-post-thumbnail hentry pl-categs-advisory-board\">\r\n\t<div class=\"profile_outer\">\r\n\t<div class=\"profile_inner_top_wrap\"><figure class=\"cmsmasters_img_wrap\"><a href=\"https:\/\/www.toplumcudusunceenstitusu.org\/en\/yazar\/murat-yasa\/\" title=\"Murat YASA\" class=\"cmsmasters_img_link\"><img loading=\"lazy\" decoding=\"async\" width=\"108\" height=\"146\" src=\"https:\/\/www.toplumcudusunceenstitusu.org\/wp-content\/uploads\/2021\/02\/place-holder.jpeg\" class=\" wp-post-image\" alt=\"Murat YASA\" title=\"place-holder\" \/><\/a><\/figure><\/div><div class=\"profile_inner\"><header class=\"cmsmasters_profile_header entry-header\"><h3 class=\"cmsmasters_profile_title entry-title\"><a href=\"https:\/\/www.toplumcudusunceenstitusu.org\/en\/yazar\/murat-yasa\/\">Murat YASA<\/a><\/h3><\/header><\/div>\t<\/div>\r\n<\/article>\r\n<!-- Finish Profile Horizontal Article -->\r\n\r\n<!-- Start Profile Horizontal Article -->\r\n<article id=\"post-16469\" class=\"cmsmasters_profile_horizontal one_fourth post-16469 profile type-profile status-publish has-post-thumbnail hentry pl-categs-advisory-board\">\r\n\t<div class=\"profile_outer\">\r\n\t<div class=\"profile_inner_top_wrap\"><figure class=\"cmsmasters_img_wrap\"><a href=\"https:\/\/www.toplumcudusunceenstitusu.org\/en\/yazar\/prof-dr-burak-gemalmaz\/\" title=\"Prof. Dr. Burak GEMALMAZ\" class=\"cmsmasters_img_link\"><img loading=\"lazy\" decoding=\"async\" width=\"108\" height=\"146\" src=\"https:\/\/www.toplumcudusunceenstitusu.org\/wp-content\/uploads\/2021\/02\/place-holder.jpeg\" class=\" wp-post-image\" alt=\"Prof. Dr. Burak GEMALMAZ\" title=\"place-holder\" \/><\/a><\/figure><\/div><div class=\"profile_inner\"><header class=\"cmsmasters_profile_header entry-header\"><h3 class=\"cmsmasters_profile_title entry-title\"><a href=\"https:\/\/www.toplumcudusunceenstitusu.org\/en\/yazar\/prof-dr-burak-gemalmaz\/\">Prof. Dr. Burak GEMALMAZ<\/a><\/h3><\/header><\/div>\t<\/div>\r\n<\/article>\r\n<!-- Finish Profile Horizontal Article -->\r\n\r\n<!-- Start Profile Horizontal Article -->\r\n<article id=\"post-16465\" class=\"cmsmasters_profile_horizontal one_fourth post-16465 profile type-profile status-publish has-post-thumbnail hentry pl-categs-advisory-board\">\r\n\t<div class=\"profile_outer\">\r\n\t<div class=\"profile_inner_top_wrap\"><figure class=\"cmsmasters_img_wrap\"><a href=\"https:\/\/www.toplumcudusunceenstitusu.org\/en\/yazar\/prof-dr-ersin-kalaycioglu\/\" title=\"Prof. Dr. Ersin KALAYCIO\u011eLU\" class=\"cmsmasters_img_link\"><img loading=\"lazy\" decoding=\"async\" width=\"108\" height=\"146\" src=\"https:\/\/www.toplumcudusunceenstitusu.org\/wp-content\/uploads\/2021\/02\/place-holder.jpeg\" class=\" wp-post-image\" alt=\"Prof. Dr. Ersin KALAYCIO\u011eLU\" title=\"place-holder\" \/><\/a><\/figure><\/div><div class=\"profile_inner\"><header class=\"cmsmasters_profile_header entry-header\"><h3 class=\"cmsmasters_profile_title entry-title\"><a href=\"https:\/\/www.toplumcudusunceenstitusu.org\/en\/yazar\/prof-dr-ersin-kalaycioglu\/\">Prof. Dr. Ersin KALAYCIO\u011eLU<\/a><\/h3><\/header><\/div>\t<\/div>\r\n<\/article>\r\n<!-- Finish Profile Horizontal Article -->\r\n\r\n<!-- Start Profile Horizontal Article -->\r\n<article id=\"post-16461\" class=\"cmsmasters_profile_horizontal one_fourth post-16461 profile type-profile status-publish has-post-thumbnail hentry pl-categs-advisory-board\">\r\n\t<div class=\"profile_outer\">\r\n\t<div class=\"profile_inner_top_wrap\"><figure class=\"cmsmasters_img_wrap\"><a href=\"https:\/\/www.toplumcudusunceenstitusu.org\/en\/yazar\/soli-ozel\/\" title=\"Soli \u00d6ZEL\" class=\"cmsmasters_img_link\"><img loading=\"lazy\" decoding=\"async\" width=\"108\" height=\"146\" src=\"https:\/\/www.toplumcudusunceenstitusu.org\/wp-content\/uploads\/2021\/02\/place-holder.jpeg\" class=\" wp-post-image\" alt=\"Soli \u00d6ZEL\" title=\"place-holder\" \/><\/a><\/figure><\/div><div class=\"profile_inner\"><header class=\"cmsmasters_profile_header entry-header\"><h3 class=\"cmsmasters_profile_title entry-title\"><a href=\"https:\/\/www.toplumcudusunceenstitusu.org\/en\/yazar\/soli-ozel\/\">Soli \u00d6ZEL<\/a><\/h3><\/header><\/div>\t<\/div>\r\n<\/article>\r\n<!-- Finish Profile Horizontal Article -->\r\n\r\n<\/div>\n<\/div><\/div>\n<\/div>\n<\/div>\n<\/div>\n<\/div>\n<\/div>\n\n","protected":false},"excerpt":{"rendered":"","protected":false},"author":1,"featured_media":0,"parent":0,"menu_order":0,"comment_status":"closed","ping_status":"closed","template":"","meta":{"footnotes":""},"class_list":["post-16451","page","type-page","status-publish","hentry"],"yoast_head":"<!-- This site is optimized with the Yoast SEO plugin v24.3 - https:\/\/yoast.com\/wordpress\/plugins\/seo\/ -->\n<title>Advisory Board - Toplumcu D\u00fc\u015f\u00fcnce Enstit\u00fcs\u00fc<\/title>\n<meta name=\"robots\" content=\"index, follow, max-snippet:-1, max-image-preview:large, max-video-preview:-1\" \/>\n<link rel=\"canonical\" href=\"https:\/\/www.toplumcudusunceenstitusu.org\/en\/advisory-board\/\" \/>\n<meta property=\"og:locale\" content=\"en_US\" \/>\n<meta property=\"og:type\" content=\"article\" \/>\n<meta property=\"og:title\" content=\"Advisory Board - Toplumcu D\u00fc\u015f\u00fcnce Enstit\u00fcs\u00fc\" \/>\n<meta property=\"og:url\" content=\"https:\/\/www.toplumcudusunceenstitusu.org\/en\/advisory-board\/\" \/>\n<meta property=\"og:site_name\" content=\"Toplumcu D\u00fc\u015f\u00fcnce Enstit\u00fcs\u00fc\" \/>\n<meta property=\"article:modified_time\" content=\"2021-02-22T20:29:00+00:00\" \/>\n<meta name=\"twitter:card\" content=\"summary_large_image\" \/>\n<meta name=\"twitter:label1\" content=\"Est. reading time\" \/>\n\t<meta name=\"twitter:data1\" content=\"1 minute\" \/>\n<script type=\"application\/ld+json\" class=\"yoast-schema-graph\">{\"@context\":\"https:\/\/schema.org\",\"@graph\":[{\"@type\":\"WebPage\",\"@id\":\"https:\/\/www.toplumcudusunceenstitusu.org\/en\/advisory-board\/\",\"url\":\"https:\/\/www.toplumcudusunceenstitusu.org\/en\/advisory-board\/\",\"name\":\"Advisory Board - Toplumcu D\u00fc\u015f\u00fcnce Enstit\u00fcs\u00fc\",\"isPartOf\":{\"@id\":\"https:\/\/www.toplumcudusunceenstitusu.org\/en\/#website\"},\"datePublished\":\"2021-02-15T21:54:46+00:00\",\"dateModified\":\"2021-02-22T20:29:00+00:00\",\"breadcrumb\":{\"@id\":\"https:\/\/www.toplumcudusunceenstitusu.org\/en\/advisory-board\/#breadcrumb\"},\"inLanguage\":\"en-US\",\"potentialAction\":[{\"@type\":\"ReadAction\",\"target\":[\"https:\/\/www.toplumcudusunceenstitusu.org\/en\/advisory-board\/\"]}]},{\"@type\":\"BreadcrumbList\",\"@id\":\"https:\/\/www.toplumcudusunceenstitusu.org\/en\/advisory-board\/#breadcrumb\",\"itemListElement\":[{\"@type\":\"ListItem\",\"position\":1,\"name\":\"Home\",\"item\":\"https:\/\/www.toplumcudusunceenstitusu.org\/en\/\"},{\"@type\":\"ListItem\",\"position\":2,\"name\":\"Advisory Board\"}]},{\"@type\":\"WebSite\",\"@id\":\"https:\/\/www.toplumcudusunceenstitusu.org\/en\/#website\",\"url\":\"https:\/\/www.toplumcudusunceenstitusu.org\/en\/\",\"name\":\"Toplumcu D\u00fc\u015f\u00fcnce Enstit\u00fcs\u00fc\",\"description\":\"\",\"potentialAction\":[{\"@type\":\"SearchAction\",\"target\":{\"@type\":\"EntryPoint\",\"urlTemplate\":\"https:\/\/www.toplumcudusunceenstitusu.org\/en\/?s={search_term_string}\"},\"query-input\":{\"@type\":\"PropertyValueSpecification\",\"valueRequired\":true,\"valueName\":\"search_term_string\"}}],\"inLanguage\":\"en-US\"}]}<\/script>\n<!-- \/ Yoast SEO plugin. -->","yoast_head_json":{"title":"Advisory Board - Toplumcu D\u00fc\u015f\u00fcnce Enstit\u00fcs\u00fc","robots":{"index":"index","follow":"follow","max-snippet":"max-snippet:-1","max-image-preview":"max-image-preview:large","max-video-preview":"max-video-preview:-1"},"canonical":"https:\/\/www.toplumcudusunceenstitusu.org\/en\/advisory-board\/","og_locale":"en_US","og_type":"article","og_title":"Advisory Board - Toplumcu D\u00fc\u015f\u00fcnce Enstit\u00fcs\u00fc","og_url":"https:\/\/www.toplumcudusunceenstitusu.org\/en\/advisory-board\/","og_site_name":"Toplumcu D\u00fc\u015f\u00fcnce Enstit\u00fcs\u00fc","article_modified_time":"2021-02-22T20:29:00+00:00","twitter_card":"summary_large_image","twitter_misc":{"Est. reading time":"1 minute"},"schema":{"@context":"https:\/\/schema.org","@graph":[{"@type":"WebPage","@id":"https:\/\/www.toplumcudusunceenstitusu.org\/en\/advisory-board\/","url":"https:\/\/www.toplumcudusunceenstitusu.org\/en\/advisory-board\/","name":"Advisory Board - Toplumcu D\u00fc\u015f\u00fcnce Enstit\u00fcs\u00fc","isPartOf":{"@id":"https:\/\/www.toplumcudusunceenstitusu.org\/en\/#website"},"datePublished":"2021-02-15T21:54:46+00:00","dateModified":"2021-02-22T20:29:00+00:00","breadcrumb":{"@id":"https:\/\/www.toplumcudusunceenstitusu.org\/en\/advisory-board\/#breadcrumb"},"inLanguage":"en-US","potentialAction":[{"@type":"ReadAction","target":["https:\/\/www.toplumcudusunceenstitusu.org\/en\/advisory-board\/"]}]},{"@type":"BreadcrumbList","@id":"https:\/\/www.toplumcudusunceenstitusu.org\/en\/advisory-board\/#breadcrumb","itemListElement":[{"@type":"ListItem","position":1,"name":"Home","item":"https:\/\/www.toplumcudusunceenstitusu.org\/en\/"},{"@type":"ListItem","position":2,"name":"Advisory Board"}]},{"@type":"WebSite","@id":"https:\/\/www.toplumcudusunceenstitusu.org\/en\/#website","url":"https:\/\/www.toplumcudusunceenstitusu.org\/en\/","name":"Toplumcu D\u00fc\u015f\u00fcnce Enstit\u00fcs\u00fc","description":"","potentialAction":[{"@type":"SearchAction","target":{"@type":"EntryPoint","urlTemplate":"https:\/\/www.toplumcudusunceenstitusu.org\/en\/?s={search_term_string}"},"query-input":{"@type":"PropertyValueSpecification","valueRequired":true,"valueName":"search_term_string"}}],"inLanguage":"en-US"}]}},"_links":{"self":[{"href":"https:\/\/www.toplumcudusunceenstitusu.org\/en\/wp-json\/wp\/v2\/pages\/16451","targetHints":{"allow":["GET"]}}],"collection":[{"href":"https:\/\/www.toplumcudusunceenstitusu.org\/en\/wp-json\/wp\/v2\/pages"}],"about":[{"href":"https:\/\/www.toplumcudusunceenstitusu.org\/en\/wp-json\/wp\/v2\/types\/page"}],"author":[{"embeddable":true,"href":"https:\/\/www.toplumcudusunceenstitusu.org\/en\/wp-json\/wp\/v2\/users\/1"}],"replies":[{"embeddable":true,"href":"https:\/\/www.toplumcudusunceenstitusu.org\/en\/wp-json\/wp\/v2\/comments?post=16451"}],"version-history":[{"count":2,"href":"https:\/\/www.toplumcudusunceenstitusu.org\/en\/wp-json\/wp\/v2\/pages\/16451\/revisions"}],"predecessor-version":[{"id":16476,"href":"https:\/\/www.toplumcudusunceenstitusu.org\/en\/wp-json\/wp\/v2\/pages\/16451\/revisions\/16476"}],"wp:attachment":[{"href":"https:\/\/www.toplumcudusunceenstitusu.org\/en\/wp-json\/wp\/v2\/media?parent=16451"}],"curies":[{"name":"wp","href":"https:\/\/api.w.org\/{rel}","templated":true}]}}