{"id":16437,"date":"2021-02-20T03:06:03","date_gmt":"2021-02-20T00:06:03","guid":{"rendered":"https:\/\/www.toplumcudusunceenstitusu.org\/index.php\/terms-and-conditions\/"},"modified":"2021-02-22T23:51:34","modified_gmt":"2021-02-22T20:51:34","slug":"terms-and-conditions","status":"publish","type":"page","link":"https:\/\/www.toplumcudusunceenstitusu.org\/en\/terms-and-conditions\/","title":{"rendered":"Terms and Conditions"},"content":{"rendered":"<div id=\"cmsmasters_row_elfesacf4u\" class=\"cmsmasters_row cmsmasters_color_scheme_default cmsmasters_row_top_default cmsmasters_row_bot_default cmsmasters_row_boxed\">\n<div class=\"cmsmasters_row_outer_parent\">\n<div class=\"cmsmasters_row_outer\">\n<div class=\"cmsmasters_row_inner\">\n<div class=\"cmsmasters_row_margin\">\n<div id=\"cmsmasters_column_bys47wb74\" class=\"cmsmasters_column one_first\">\n<div class=\"cmsmasters_column_inner\"><div class=\"cmsmasters_text\">\n<p>Click here to change this text<\/p>\n<\/div>\n<\/div><\/div>\n<\/div>\n<\/div>\n<\/div>\n<\/div>\n<\/div>\n\n","protected":false},"excerpt":{"rendered":"","protected":false},"author":1,"featured_media":0,"parent":0,"menu_order":0,"comment_status":"closed","ping_status":"closed","template":"","meta":{"footnotes":""},"class_list":["post-16437","page","type-page","status-publish","hentry"],"yoast_head":"<!-- This site is optimized with the Yoast SEO plugin v24.3 - https:\/\/yoast.com\/wordpress\/plugins\/seo\/ -->\n<title>Terms and Conditions - Toplumcu D\u00fc\u015f\u00fcnce Enstit\u00fcs\u00fc<\/title>\n<meta name=\"robots\" content=\"index, follow, max-snippet:-1, max-image-preview:large, max-video-preview:-1\" \/>\n<link rel=\"canonical\" href=\"https:\/\/www.toplumcudusunceenstitusu.org\/en\/terms-and-conditions\/\" \/>\n<meta property=\"og:locale\" content=\"en_US\" \/>\n<meta property=\"og:type\" content=\"article\" \/>\n<meta property=\"og:title\" content=\"Terms and Conditions - Toplumcu D\u00fc\u015f\u00fcnce Enstit\u00fcs\u00fc\" \/>\n<meta property=\"og:url\" content=\"https:\/\/www.toplumcudusunceenstitusu.org\/en\/terms-and-conditions\/\" \/>\n<meta property=\"og:site_name\" content=\"Toplumcu D\u00fc\u015f\u00fcnce Enstit\u00fcs\u00fc\" \/>\n<meta property=\"article:modified_time\" content=\"2021-02-22T20:51:34+00:00\" \/>\n<meta name=\"twitter:card\" content=\"summary_large_image\" \/>\n<meta name=\"twitter:label1\" content=\"Est. reading time\" \/>\n\t<meta name=\"twitter:data1\" content=\"1 minute\" \/>\n<script type=\"application\/ld+json\" class=\"yoast-schema-graph\">{\"@context\":\"https:\/\/schema.org\",\"@graph\":[{\"@type\":\"WebPage\",\"@id\":\"https:\/\/www.toplumcudusunceenstitusu.org\/en\/terms-and-conditions\/\",\"url\":\"https:\/\/www.toplumcudusunceenstitusu.org\/en\/terms-and-conditions\/\",\"name\":\"Terms and Conditions - Toplumcu D\u00fc\u015f\u00fcnce Enstit\u00fcs\u00fc\",\"isPartOf\":{\"@id\":\"https:\/\/www.toplumcudusunceenstitusu.org\/en\/#website\"},\"datePublished\":\"2021-02-20T00:06:03+00:00\",\"dateModified\":\"2021-02-22T20:51:34+00:00\",\"breadcrumb\":{\"@id\":\"https:\/\/www.toplumcudusunceenstitusu.org\/en\/terms-and-conditions\/#breadcrumb\"},\"inLanguage\":\"en-US\",\"potentialAction\":[{\"@type\":\"ReadAction\",\"target\":[\"https:\/\/www.toplumcudusunceenstitusu.org\/en\/terms-and-conditions\/\"]}]},{\"@type\":\"BreadcrumbList\",\"@id\":\"https:\/\/www.toplumcudusunceenstitusu.org\/en\/terms-and-conditions\/#breadcrumb\",\"itemListElement\":[{\"@type\":\"ListItem\",\"position\":1,\"name\":\"Home\",\"item\":\"https:\/\/www.toplumcudusunceenstitusu.org\/en\/\"},{\"@type\":\"ListItem\",\"position\":2,\"name\":\"Terms and Conditions\"}]},{\"@type\":\"WebSite\",\"@id\":\"https:\/\/www.toplumcudusunceenstitusu.org\/en\/#website\",\"url\":\"https:\/\/www.toplumcudusunceenstitusu.org\/en\/\",\"name\":\"Toplumcu D\u00fc\u015f\u00fcnce Enstit\u00fcs\u00fc\",\"description\":\"\",\"potentialAction\":[{\"@type\":\"SearchAction\",\"target\":{\"@type\":\"EntryPoint\",\"urlTemplate\":\"https:\/\/www.toplumcudusunceenstitusu.org\/en\/?s={search_term_string}\"},\"query-input\":{\"@type\":\"PropertyValueSpecification\",\"valueRequired\":true,\"valueName\":\"search_term_string\"}}],\"inLanguage\":\"en-US\"}]}<\/script>\n<!-- \/ Yoast SEO plugin. -->","yoast_head_json":{"title":"Terms and Conditions - Toplumcu D\u00fc\u015f\u00fcnce Enstit\u00fcs\u00fc","robots":{"index":"index","follow":"follow","max-snippet":"max-snippet:-1","max-image-preview":"max-image-preview:large","max-video-preview":"max-video-preview:-1"},"canonical":"https:\/\/www.toplumcudusunceenstitusu.org\/en\/terms-and-conditions\/","og_locale":"en_US","og_type":"article","og_title":"Terms and Conditions - Toplumcu D\u00fc\u015f\u00fcnce Enstit\u00fcs\u00fc","og_url":"https:\/\/www.toplumcudusunceenstitusu.org\/en\/terms-and-conditions\/","og_site_name":"Toplumcu D\u00fc\u015f\u00fcnce Enstit\u00fcs\u00fc","article_modified_time":"2021-02-22T20:51:34+00:00","twitter_card":"summary_large_image","twitter_misc":{"Est. reading time":"1 minute"},"schema":{"@context":"https:\/\/schema.org","@graph":[{"@type":"WebPage","@id":"https:\/\/www.toplumcudusunceenstitusu.org\/en\/terms-and-conditions\/","url":"https:\/\/www.toplumcudusunceenstitusu.org\/en\/terms-and-conditions\/","name":"Terms and Conditions - Toplumcu D\u00fc\u015f\u00fcnce Enstit\u00fcs\u00fc","isPartOf":{"@id":"https:\/\/www.toplumcudusunceenstitusu.org\/en\/#website"},"datePublished":"2021-02-20T00:06:03+00:00","dateModified":"2021-02-22T20:51:34+00:00","breadcrumb":{"@id":"https:\/\/www.toplumcudusunceenstitusu.org\/en\/terms-and-conditions\/#breadcrumb"},"inLanguage":"en-US","potentialAction":[{"@type":"ReadAction","target":["https:\/\/www.toplumcudusunceenstitusu.org\/en\/terms-and-conditions\/"]}]},{"@type":"BreadcrumbList","@id":"https:\/\/www.toplumcudusunceenstitusu.org\/en\/terms-and-conditions\/#breadcrumb","itemListElement":[{"@type":"ListItem","position":1,"name":"Home","item":"https:\/\/www.toplumcudusunceenstitusu.org\/en\/"},{"@type":"ListItem","position":2,"name":"Terms and Conditions"}]},{"@type":"WebSite","@id":"https:\/\/www.toplumcudusunceenstitusu.org\/en\/#website","url":"https:\/\/www.toplumcudusunceenstitusu.org\/en\/","name":"Toplumcu D\u00fc\u015f\u00fcnce Enstit\u00fcs\u00fc","description":"","potentialAction":[{"@type":"SearchAction","target":{"@type":"EntryPoint","urlTemplate":"https:\/\/www.toplumcudusunceenstitusu.org\/en\/?s={search_term_string}"},"query-input":{"@type":"PropertyValueSpecification","valueRequired":true,"valueName":"search_term_string"}}],"inLanguage":"en-US"}]}},"_links":{"self":[{"href":"https:\/\/www.toplumcudusunceenstitusu.org\/en\/wp-json\/wp\/v2\/pages\/16437","targetHints":{"allow":["GET"]}}],"collection":[{"href":"https:\/\/www.toplumcudusunceenstitusu.org\/en\/wp-json\/wp\/v2\/pages"}],"about":[{"href":"https:\/\/www.toplumcudusunceenstitusu.org\/en\/wp-json\/wp\/v2\/types\/page"}],"author":[{"embeddable":true,"href":"https:\/\/www.toplumcudusunceenstitusu.org\/en\/wp-json\/wp\/v2\/users\/1"}],"replies":[{"embeddable":true,"href":"https:\/\/www.toplumcudusunceenstitusu.org\/en\/wp-json\/wp\/v2\/comments?post=16437"}],"version-history":[{"count":2,"href":"https:\/\/www.toplumcudusunceenstitusu.org\/en\/wp-json\/wp\/v2\/pages\/16437\/revisions"}],"predecessor-version":[{"id":16568,"href":"https:\/\/www.toplumcudusunceenstitusu.org\/en\/wp-json\/wp\/v2\/pages\/16437\/revisions\/16568"}],"wp:attachment":[{"href":"https:\/\/www.toplumcudusunceenstitusu.org\/en\/wp-json\/wp\/v2\/media?parent=16437"}],"curies":[{"name":"wp","href":"https:\/\/api.w.org\/{rel}","templated":true}]}}